{"id":390,"date":"2025-11-13T09:56:19","date_gmt":"2025-11-13T09:56:19","guid":{"rendered":"https:\/\/ips-energy.com\/inspire\/?page_id=390"},"modified":"2026-03-06T10:05:28","modified_gmt":"2026-03-06T10:05:28","slug":"agenda-1","status":"publish","type":"page","link":"https:\/\/ips-energy.com\/inspire\/agenda-1\/","title":{"rendered":"Agenda 1"},"content":{"rendered":"\n\n\t<section class=\"section hero agenda-page dark\" id=\"section_602216427\">\n\t\t<div class=\"section-bg fill\" >\n\t\t\t<img loading=\"lazy\" decoding=\"async\" width=\"2021\" height=\"1080\" src=\"https:\/\/ips-energy.com\/inspire\/wp-content\/uploads\/2025\/10\/hero-image.webp\" class=\"bg attachment-original size-original\" alt=\"\" \/>\t\t\t\t<div class=\"video-overlay no-click fill visible\"><\/div>\n\t<video class=\"video-bg fill visible\" preload playsinline autoplay muted loop>\n\t\t<source src=\"https:\/\/ips-energy.com\/inspire\/wp-content\/uploads\/2025\/10\/hero-video-1.webm\" type=\"video\/webm\">\t<\/video>\n\t\t\t\n\t\t\t\n\n\t\t<\/div>\n\n\t\t\n\n\t\t<div class=\"section-content relative\">\n\t\t\t\n\n\t<div id=\"gap-2126412980\" class=\"gap-element clearfix\" style=\"display:block; height:auto;\">\n\t\t\n<style>\n#gap-2126412980 {\n  padding-top: 60px;\n}\n<\/style>\n\t<\/div>\n\t\n\n<div class=\"row align-middle\"  id=\"row-1178324169\">\n\n\n\t<div id=\"col-146224258\" class=\"col large-12\"  >\n\t\t\t\t<div class=\"col-inner text-center\"  >\n\t\t\t\n\t\t\t\n\n\t<div id=\"stack-1897617689\" class=\"stack stack-col justify-start items-stretch\">\n\t\t\n\n\t<div class=\"img has-hover img-w-auto img-center max-w-250 x md-x lg-x y md-y lg-y\" id=\"image_302026410\">\n\t\t<a class=\"\" href=\"\/inspire\/\" >\t\t\t\t\t\t<div class=\"img-inner dark\" >\n\t\t\t<img loading=\"lazy\" decoding=\"async\" width=\"1574\" height=\"263\" src=\"https:\/\/ips-energy.com\/inspire\/wp-content\/uploads\/2025\/10\/inspired-logo.png\" class=\"attachment-original size-original\" alt=\"\" srcset=\"https:\/\/ips-energy.com\/inspire\/wp-content\/uploads\/2025\/10\/inspired-logo.png 1574w, https:\/\/ips-energy.com\/inspire\/wp-content\/uploads\/2025\/10\/inspired-logo-800x134.png 800w, https:\/\/ips-energy.com\/inspire\/wp-content\/uploads\/2025\/10\/inspired-logo-1400x234.png 1400w, https:\/\/ips-energy.com\/inspire\/wp-content\/uploads\/2025\/10\/inspired-logo-768x128.png 768w, https:\/\/ips-energy.com\/inspire\/wp-content\/uploads\/2025\/10\/inspired-logo-1536x257.png 1536w, https:\/\/ips-energy.com\/inspire\/wp-content\/uploads\/2025\/10\/inspired-logo-600x100.png 600w\" sizes=\"auto, (max-width: 1574px) 100vw, 1574px\" \/>\t\t\t\t\t\t\n\t\t\t\t\t<\/div>\n\t\t\t\t\t\t<\/a>\t\t\n<style>\n#image_302026410 {\n  width: 100%;\n}\n<\/style>\n\t<\/div>\n\t\n\n\t<div id=\"text-3145770611\" class=\"text under-logo-year small\">\n\t\t\n\n<p><a href=\"\/inspire\/\">2026<\/a><\/p>\n\t\t\n<style>\n#text-3145770611 {\n  text-align: left;\n}\n@media (min-width:550px) {\n  #text-3145770611 {\n    text-align: center;\n  }\n}\n<\/style>\n\t<\/div>\n\t\n\n\t\t\n<style>\n#stack-1897617689 > * {\n  --stack-gap: 0rem;\n}\n<\/style>\n\t<\/div>\n\t\n\t<div id=\"gap-1215762630\" class=\"gap-element clearfix\" style=\"display:block; height:auto;\">\n\t\t\n<style>\n#gap-1215762630 {\n  padding-top: 10px;\n}\n@media (min-width:850px) {\n  #gap-1215762630 {\n    padding-top: 40px;\n  }\n}\n<\/style>\n\t<\/div>\n\t\n\n\t<div id=\"text-276037968\" class=\"text\">\n\t\t\n\n<h2><strong>Agenda<\/strong><\/h2>\n\t\t\n<style>\n#text-276037968 {\n  text-align: left;\n}\n@media (min-width:550px) {\n  #text-276037968 {\n    text-align: center;\n  }\n}\n<\/style>\n\t<\/div>\n\t\n\t<div id=\"gap-1827586150\" class=\"gap-element clearfix\" style=\"display:block; height:auto;\">\n\t\t\n<style>\n#gap-1827586150 {\n  padding-top: 60px;\n}\n@media (min-width:850px) {\n  #gap-1827586150 {\n    padding-top: 80px;\n  }\n}\n<\/style>\n\t<\/div>\n\t\n\n\t<div id=\"stack-491344553\" class=\"stack dark-blue-bg stack-row justify-center items-center sm:stack-col sm:items-start\">\n\t\t\n\n\n\t\t<div class=\"icon-box featured-box icon-center icon-box-left text-left\"  >\n\t\t\t\t\t<div class=\"icon-box-img\" style=\"width: 24px\">\n\t\t\t\t<div class=\"icon\">\n\t\t\t\t\t<div class=\"icon-inner\" >\n\t\t\t\t\t\t<img loading=\"lazy\" decoding=\"async\" width=\"24\" height=\"25\" src=\"https:\/\/ips-energy.com\/inspire\/wp-content\/uploads\/2025\/10\/calendar-3.svg\" class=\"attachment-medium size-medium\" alt=\"\" \/>\t\t\t\t\t<\/div>\n\t\t\t\t<\/div>\n\t\t\t<\/div>\n\t\t\t\t<div class=\"icon-box-text last-reset\">\n\t\t\t\t\t\t\t\t\t\n\n<p><strong>28-30 September 2026<\/strong><\/p>\n\n\n\t\t<\/div>\n\t<\/div>\n\t\n\t\n\n\t\t<div class=\"icon-box featured-box icon-center icon-box-left text-left\"  >\n\t\t\t\t\t<div class=\"icon-box-img\" style=\"width: 24px\">\n\t\t\t\t<div class=\"icon\">\n\t\t\t\t\t<div class=\"icon-inner\" >\n\t\t\t\t\t\t<img loading=\"lazy\" decoding=\"async\" width=\"21\" height=\"21\" src=\"https:\/\/ips-energy.com\/inspire\/wp-content\/uploads\/2025\/10\/location-3.svg\" class=\"attachment-medium size-medium\" alt=\"\" \/>\t\t\t\t\t<\/div>\n\t\t\t\t<\/div>\n\t\t\t<\/div>\n\t\t\t\t<div class=\"icon-box-text last-reset\">\n\t\t\t\t\t\t\t\t\t\n\n<p><strong>Grand Hyatt<\/strong>, Dubai<\/p>\n\n\t\t<\/div>\n\t<\/div>\n\t\n\t\n\n\t\t\n<style>\n#stack-491344553 > * {\n  --stack-gap: 0.75rem;\n}\n@media (min-width:550px) {\n  #stack-491344553 > * {\n    --stack-gap: 2rem;\n  }\n}\n<\/style>\n\t<\/div>\n\t\n\n\t\t<\/div>\n\t\t\t\t\t<\/div>\n\n\t\n\n<\/div>\n\n\t\t<\/div>\n\n\t\t\n<style>\n#section_602216427 {\n  padding-top: 0px;\n  padding-bottom: 0px;\n}\n<\/style>\n\t<\/section>\n\t\n\n\t<section class=\"section\" id=\"section_980482633\">\n\t\t<div class=\"section-bg fill\" >\n\t\t\t\t\t\t\t\t\t\n\t\t\t\n\n\t\t<\/div>\n\n\t\t\n\n\t\t<div class=\"section-content relative\">\n\t\t\t\n\n<div class=\"row\"  id=\"row-2020056301\">\n\n\n\t<div id=\"col-1539056347\" class=\"col small-12 large-12\"  >\n\t\t\t\t<div class=\"col-inner\"  >\n\t\t\t\n\t\t\t\n\n\t<div id=\"text-3232200402\" class=\"text\">\n\t\t\n\n<p><span data-teams=\"true\">Welcome to IPS INSPIRE 2026. Over the next three days, we will unite energy professionals, engineers, and thought leaders to shape the future of energy systems. This comprehensive programme features strategic keynotes, technical deep-dives, and hands-on demonstrations designed to help you optimise asset performance and enhance network reliability. Below is your guide to the sessions, located across two stages, and an interactive Demo Room.<\/span><\/p>\n<p><em><strong>The agenda is currently in development, and some session adjustments are still anticipated.<\/strong><\/em><\/p>\n\t\t\n<style>\n#text-3232200402 {\n  text-align: center;\n  color: rgb(255, 255, 255);\n}\n#text-3232200402 > * {\n  color: rgb(255, 255, 255);\n}\n<\/style>\n\t<\/div>\n\t\n\t<div id=\"gap-782963939\" class=\"gap-element clearfix\" style=\"display:block; height:auto;\">\n\t\t\n<style>\n#gap-782963939 {\n  padding-top: 30px;\n}\n<\/style>\n\t<\/div>\n\t\n\n\n\n\t\t<div class=\"kiwwwi-evt-parent-wrap\">\n\t\t\t<div class=\"kiwwwi-evt-wrap\" data-days='[{&quot;id&quot;:35,&quot;label&quot;:&quot;Day 0&quot;,&quot;date&quot;:&quot;Monday, September 28&quot;},{&quot;id&quot;:18,&quot;label&quot;:&quot;Day 1&quot;,&quot;date&quot;:&quot;Tuesday, September 29&quot;},{&quot;id&quot;:19,&quot;label&quot;:&quot;Day 2&quot;,&quot;date&quot;:&quot;Wednesday, September 30&quot;}]' data-rooms='[{&quot;id&quot;:20,&quot;name&quot;:&quot;Main Hall&quot;,&quot;color&quot;:&quot;#52c1de&quot;},{&quot;id&quot;:37,&quot;name&quot;:&quot;Parallel Stage&quot;,&quot;color&quot;:&quot;#087c93&quot;}]'>\n\n\t\t\t\t<!-- Header: 1. DAY + date + Filters -->\n\t\t\t\t<div class=\"header-sticky\">\n\t\t\t\t\t<div class=\"schedule-header\">\n\n\t\t\t\t\t\t<!-- ZONE A: Day + Date + Filters (flex row) -->\n\t\t\t\t\t\t<div class=\"zone-left\">\n\t\t\t\t\t\t\t<div class=\"schedule-title\">\n\t\t\t\t\t\t\t\t<span class=\"day-number\">Day 0<\/span>\n\t\t\t\t\t\t\t\t<span class=\"day-date\">Monday, September 28<\/span>\n\t\t\t\t\t\t\t<\/div>\n\n\t\t\t\t\t\t\t<div class=\"filters\">\n\t\t\t\t\t\t\t\t<button class=\"filters-toggle\" type=\"button\">FILTERS<\/button>\n\t\t\t\t\t\t\t<\/div>\n\t\t\t\t\t\t<\/div>\n\n\t\t\t\t\t\t<!-- ZONE C: Day Tabs (right) -->\n\t\t\t\t\t\t<div class=\"zone-right day-tabs\">\n\t\t\t\t\t\t\t\t\t\t\t\t\t\t\t\t<button\n\t\t\t\t\t\t\t\t\t\t\tclass=\"day-tab is-active\"\n\t\t\t\t\t\t\t\t\t\t\tdata-day=\"35\"\n\t\t\t\t\t\t\t\t\t\t\t>\n\t\t\t\t\t\t\t\t\t\tDay 0\t\t\t\t\t\t\t\t\t<\/button>\n\t\t\t\t\t\t\t\t\t\t\t\t\t\t\t\t\t<button\n\t\t\t\t\t\t\t\t\t\t\tclass=\"day-tab\"\n\t\t\t\t\t\t\t\t\t\t\tdata-day=\"18\"\n\t\t\t\t\t\t\t\t\t\t\t>\n\t\t\t\t\t\t\t\t\t\tDay 1\t\t\t\t\t\t\t\t\t<\/button>\n\t\t\t\t\t\t\t\t\t\t\t\t\t\t\t\t\t<button\n\t\t\t\t\t\t\t\t\t\t\tclass=\"day-tab\"\n\t\t\t\t\t\t\t\t\t\t\tdata-day=\"19\"\n\t\t\t\t\t\t\t\t\t\t\t>\n\t\t\t\t\t\t\t\t\t\tDay 2\t\t\t\t\t\t\t\t\t<\/button>\n\t\t\t\t\t\t\t\t\n\t\t\t\t\t\t<\/div>\n\t\t\t\t\t\t\n\t\t\t\t\t\t\t\t<div class=\"filters-dropdown\" hidden>\n\t\t\t\t\t\t\t\t\t<div class=\"filters-group\">\n\t\t\t\t\t\t\t\t\t\t<div class=\"filters-title\">Speakers<\/div>\n\t\t\t\t\t\t\t\t\t\t<div class=\"filters-list\">\n\t\t\t\t\t\t\t\t\t\t\t\t\t\t\t\t\t\t\t\t\t\t\t<label><input type=\"checkbox\" class=\"filter-speaker\" value=\"817\"> Attila Barta<\/label>\n\t\t\t\t\t\t\t\t\t\t\t\t\t\t\t\t\t\t\t\t\t\t\t<label><input type=\"checkbox\" class=\"filter-speaker\" value=\"818\"> Austin Byrne<\/label>\n\t\t\t\t\t\t\t\t\t\t\t\t\t\t\t\t\t\t\t\t\t\t\t<label><input type=\"checkbox\" class=\"filter-speaker\" value=\"766\"> Bodo Zeug<\/label>\n\t\t\t\t\t\t\t\t\t\t\t\t\t\t\t\t\t\t\t\t\t\t\t<label><input type=\"checkbox\" class=\"filter-speaker\" value=\"824\"> Danijel Krnjaji\u0107<\/label>\n\t\t\t\t\t\t\t\t\t\t\t\t\t\t\t\t\t\t\t\t\t\t\t<label><input type=\"checkbox\" class=\"filter-speaker\" value=\"799\"> Dieter Haesslein<\/label>\n\t\t\t\t\t\t\t\t\t\t\t\t\t\t\t\t\t\t\t\t\t\t\t<label><input type=\"checkbox\" class=\"filter-speaker\" value=\"1000\"> Dr. Jayaprakash Ponraj<\/label>\n\t\t\t\t\t\t\t\t\t\t\t\t\t\t\t\t\t\t\t\t\t\t\t<label><input type=\"checkbox\" class=\"filter-speaker\" value=\"388\"> Dr. Zeljko Schreiner<\/label>\n\t\t\t\t\t\t\t\t\t\t\t\t\t\t\t\t\t\t\t\t\t\t\t<label><input type=\"checkbox\" class=\"filter-speaker\" value=\"819\"> Du\u0161an Markovi\u0107<\/label>\n\t\t\t\t\t\t\t\t\t\t\t\t\t\t\t\t\t\t\t\t\t\t\t<label><input type=\"checkbox\" class=\"filter-speaker\" value=\"996\"> Eng. Osama Fadel Riahi<\/label>\n\t\t\t\t\t\t\t\t\t\t\t\t\t\t\t\t\t\t\t\t\t\t\t<label><input type=\"checkbox\" class=\"filter-speaker\" value=\"803\"> Frank Jacobs<\/label>\n\t\t\t\t\t\t\t\t\t\t\t\t\t\t\t\t\t\t\t\t\t\t\t<label><input type=\"checkbox\" class=\"filter-speaker\" value=\"801\"> Ivan Petkoski<\/label>\n\t\t\t\t\t\t\t\t\t\t\t\t\t\t\t\t\t\t\t\t\t\t\t<label><input type=\"checkbox\" class=\"filter-speaker\" value=\"828\"> Jelena Spasojevi\u0107<\/label>\n\t\t\t\t\t\t\t\t\t\t\t\t\t\t\t\t\t\t\t\t\t\t\t<label><input type=\"checkbox\" class=\"filter-speaker\" value=\"864\"> Jerry Day<\/label>\n\t\t\t\t\t\t\t\t\t\t\t\t\t\t\t\t\t\t\t\t\t\t\t<label><input type=\"checkbox\" class=\"filter-speaker\" value=\"771\"> Jo\u017ee Bizjak<\/label>\n\t\t\t\t\t\t\t\t\t\t\t\t\t\t\t\t\t\t\t\t\t\t\t<label><input type=\"checkbox\" class=\"filter-speaker\" value=\"770\"> Lori Sims<\/label>\n\t\t\t\t\t\t\t\t\t\t\t\t\t\t\t\t\t\t\t\t\t\t\t<label><input type=\"checkbox\" class=\"filter-speaker\" value=\"830\"> Lukas Magnusson<\/label>\n\t\t\t\t\t\t\t\t\t\t\t\t\t\t\t\t\t\t\t\t\t\t\t<label><input type=\"checkbox\" class=\"filter-speaker\" value=\"860\"> Marco Poorts<\/label>\n\t\t\t\t\t\t\t\t\t\t\t\t\t\t\t\t\t\t\t\t\t\t\t<label><input type=\"checkbox\" class=\"filter-speaker\" value=\"764\"> Michael F. Schneider<\/label>\n\t\t\t\t\t\t\t\t\t\t\t\t\t\t\t\t\t\t\t\t\t\t\t<label><input type=\"checkbox\" class=\"filter-speaker\" value=\"827\"> Miljan Jani\u0107<\/label>\n\t\t\t\t\t\t\t\t\t\t\t\t\t\t\t\t\t\t\t\t\t\t\t<label><input type=\"checkbox\" class=\"filter-speaker\" value=\"867\"> Nemanja Novicic<\/label>\n\t\t\t\t\t\t\t\t\t\t\t\t\t\t\t\t\t\t\t\t\t\t\t<label><input type=\"checkbox\" class=\"filter-speaker\" value=\"861\"> Peter van der Wielen<\/label>\n\t\t\t\t\t\t\t\t\t\t\t\t\t\t\t\t\t\t\t\t\t\t\t<label><input type=\"checkbox\" class=\"filter-speaker\" value=\"773\"> Primo\u017e Kralj<\/label>\n\t\t\t\t\t\t\t\t\t\t\t\t\t\t\t\t\t\t\t\t\t\t\t<label><input type=\"checkbox\" class=\"filter-speaker\" value=\"871\"> Sinisa Bogdanovic<\/label>\n\t\t\t\t\t\t\t\t\t\t\t\t\t\t\t\t\t\t\t\t\t\t\t<label><input type=\"checkbox\" class=\"filter-speaker\" value=\"870\"> Srdjan Blagojevic<\/label>\n\t\t\t\t\t\t\t\t\t\t\t\t\t\t\t\t\t\t\t\t\t\t\t<label><input type=\"checkbox\" class=\"filter-speaker\" value=\"1021\"> U\u011furcan Alt\u0131n\u00f6rs<\/label>\n\t\t\t\t\t\t\t\t\t\t\t\t\t\t\t\t\t\t\t\t\t\t\t<label><input type=\"checkbox\" class=\"filter-speaker\" value=\"768\"> Zoltan Solga<\/label>\n\t\t\t\t\t\t\t\t\t\t\t\t\t\t\t\t\t\t\t\t\t<\/div>\n\t\t\t\t\t\t\t\t\t<\/div>\n\t\t\t\t\t\t\t\t\t<div class=\"filters-group\">\n\t\t\t\t\t\t\t\t\t\t<div class=\"filters-title\">Categories<\/div>\n\t\t\t\t\t\t\t\t\t\t<div class=\"filters-list\">\n\t\t\t\t\t\t\t\t\t\t\t\t\t\t\t\t\t\t\t\t\t\t\t\t<label><input type=\"checkbox\" class=\"filter-cat\" value=\"34\"> Asset Lifecycle Management<\/label>\n\t\t\t\t\t\t\t\t\t\t\t\t\t\t\t\t\t\t\t\t\t\t\t\t\t<label><input type=\"checkbox\" class=\"filter-cat\" value=\"32\"> Closing Remarks<\/label>\n\t\t\t\t\t\t\t\t\t\t\t\t\t\t\t\t\t\t\t\t\t\t\t\t\t<label><input type=\"checkbox\" class=\"filter-cat\" value=\"30\"> Keynote Session<\/label>\n\t\t\t\t\t\t\t\t\t\t\t\t\t\t\t\t\t\t\t\t\t\t\t\t\t<label><input type=\"checkbox\" class=\"filter-cat\" value=\"28\"> Parallel Talk Tracks<\/label>\n\t\t\t\t\t\t\t\t\t\t\t\t\t\t\t\t\t\t\t\t\t\t<\/div>\n\t\t\t\t\t\t\t\t\t<\/div>\n\t\t\t\t\t\t\t\t<\/div>\n\n\t\t\t\t\t<\/div>\n\n\t\t\t\t\t<!-- Wrap header-grid in scroll container -->\n\t\t\t\t\t<div class=\"header-grid-scroll\">\n\t\t\t\t\t\t<div class=\"header-grid\" style=\"--room-count: 2; --head-h: 48px\">\n\n\t\t\t\t\t\t\t<!-- EST Column -->\n\t\t\t\t\t\t\t<div class=\"cell-est\" style=\"grid-area: 1 \/ 1\">\n\t\t\t\t\t\t\t\t\t\t\t\t\t\t\t\t<svg width=\"32\" height=\"32\" viewBox=\"0 0 32 32\" fill=\"none\" xmlns=\"http:\/\/www.w3.org\/2000\/svg\">\n\t\t\t\t\t\t\t\t\t<path d=\"M15.9993 29.3333C14.1549 29.3333 12.4216 28.9833 10.7993 28.2833C9.17713 27.5833 7.76602 26.6333 6.56602 25.4333C5.36602 24.2333 4.41602 22.8222 3.71602 21.2C3.01602 19.5777 2.66602 17.8444 2.66602 16C2.66602 14.1555 3.01602 12.4222 3.71602 10.8C4.41602 9.17774 5.36602 7.76663 6.56602 6.56663C7.76602 5.36663 9.17713 4.41663 10.7993 3.71663C12.4216 3.01663 14.1549 2.66663 15.9993 2.66663C17.8438 2.66663 19.5771 3.01663 21.1993 3.71663C22.8216 4.41663 24.2327 5.36663 25.4327 6.56663C26.6327 7.76663 27.5827 9.17774 28.2827 10.8C28.9827 12.4222 29.3327 14.1555 29.3327 16C29.3327 16.6 29.2993 17.1888 29.2327 17.7666C29.166 18.3444 29.0549 18.9111 28.8993 19.4666C28.5882 19.1111 28.2271 18.8111 27.816 18.5666C27.4049 18.3222 26.9549 18.1555 26.466 18.0666C26.5327 17.7333 26.5827 17.3944 26.616 17.05C26.6493 16.7055 26.666 16.3555 26.666 16C26.666 13.0222 25.6327 10.5 23.566 8.43329C21.4993 6.36663 18.9771 5.33329 15.9993 5.33329C13.0216 5.33329 10.4993 6.36663 8.43268 8.43329C6.36602 10.5 5.33268 13.0222 5.33268 16C5.33268 18.9777 6.36602 21.5 8.43268 23.5666C10.4993 25.6333 13.0216 26.6666 15.9993 26.6666C17.1327 26.6666 18.216 26.5 19.2493 26.1666C20.2827 25.8333 21.2327 25.3666 22.0993 24.7666C22.366 25.1444 22.6938 25.4777 23.0827 25.7666C23.4716 26.0555 23.8882 26.2777 24.3327 26.4333C23.1993 27.3444 21.9271 28.0555 20.516 28.5666C19.1049 29.0777 17.5993 29.3333 15.9993 29.3333ZM25.666 24C25.1993 24 24.8049 23.8388 24.4827 23.5166C24.1605 23.1944 23.9993 22.8 23.9993 22.3333C23.9993 21.8666 24.1605 21.4722 24.4827 21.15C24.8049 20.8277 25.1993 20.6666 25.666 20.6666C26.1327 20.6666 26.5271 20.8277 26.8493 21.15C27.1716 21.4722 27.3327 21.8666 27.3327 22.3333C27.3327 22.8 27.1716 23.1944 26.8493 23.5166C26.5271 23.8388 26.1327 24 25.666 24ZM20.3993 22.2666L14.666 16.5333V9.33329H17.3327V15.4666L22.266 20.4L20.3993 22.2666Z\" fill=\"#6C707B\" \/>\n\t\t\t\t\t\t\t\t<\/svg>\n\t\t\t\t\t\t\t\tGMT +4\n\t\t\t\t\t\t\t<\/div>\n\n\t\t\t\t\t\t\t\t\t\t\t\t\t\t\t\t\t\t\t\t\t\t\t\t<div class=\"cell-header\" style=\"grid-area: 1 \/ 2; --room-color: #52c1de;\">\n\t\t\t\t\t\t\t\t\t\tMain Hall\t\t\t\t\t\t\t\t\t<\/div>\n\t\t\t\t\t\t\t\t\t\t\t\t\t\t\t\t\t<div class=\"cell-header\" style=\"grid-area: 1 \/ 3; --room-color: #087c93;\">\n\t\t\t\t\t\t\t\t\t\tParallel Stage\t\t\t\t\t\t\t\t\t<\/div>\n\t\t\t\t\t\t\t\t\t\t\t\t\t\t\t\n\t\t\t\t\t\t<\/div>\n\t\t\t\t\t<\/div>\n\t\t\t\t<\/div>\n\n\t\t\t\t<!-- Wrap tl-grid in scroll container -->\n\t\t\t\t<div class=\"tl-grid-scroll\">\n\t\t\t\t\t<div class=\"tl-grid\" data-day=\"35\" style=\"--room-count: 2\">\n\t\t\t\t\t\t<!-- JS will inject: header row (EST + room names), time ticks, and sessions -->\n\t\t\t\t\t<\/div>\n\t\t\t\t<\/div>\n\t\t\t<\/div>\n\t\t<\/div>\n\t\t\n\n\n\t\t<\/div>\n\t\t\t\t\t<\/div>\n\n\t\n\n<\/div>\n\n\t\t<\/div>\n\n\t\t\n<style>\n#section_980482633 {\n  padding-top: 30px;\n  padding-bottom: 30px;\n  background-color: rgb(0, 8, 27);\n}\n<\/style>\n\t<\/section>\n\t\n\n\n\n<p><\/p>\n","protected":false},"excerpt":{"rendered":"","protected":false},"author":1,"featured_media":0,"parent":0,"menu_order":0,"comment_status":"closed","ping_status":"closed","template":"","meta":{"_acf_changed":false,"content-type":"","footnotes":""},"class_list":["post-390","page","type-page","status-publish","hentry"],"acf":[],"yoast_head":"<!-- This site is optimized with the Yoast SEO plugin v26.7 - https:\/\/yoast.com\/wordpress\/plugins\/seo\/ -->\n<title>Agenda 1 - Inspire<\/title>\n<meta name=\"robots\" content=\"index, follow, max-snippet:-1, max-image-preview:large, max-video-preview:-1\" \/>\n<link rel=\"canonical\" href=\"https:\/\/ips-energy.com\/inspire\/agenda-1\/\" \/>\n<meta property=\"og:locale\" content=\"en_US\" \/>\n<meta property=\"og:type\" content=\"article\" \/>\n<meta property=\"og:title\" content=\"Agenda 1 - Inspire\" \/>\n<meta property=\"og:url\" content=\"https:\/\/ips-energy.com\/inspire\/agenda-1\/\" \/>\n<meta property=\"og:site_name\" content=\"Inspire\" \/>\n<meta property=\"article:modified_time\" content=\"2026-03-06T10:05:28+00:00\" \/>\n<meta name=\"twitter:card\" content=\"summary_large_image\" \/>\n<meta name=\"twitter:label1\" content=\"Est. reading time\" \/>\n\t<meta name=\"twitter:data1\" content=\"1 minute\" \/>\n<script type=\"application\/ld+json\" class=\"yoast-schema-graph\">{\"@context\":\"https:\/\/schema.org\",\"@graph\":[{\"@type\":\"WebPage\",\"@id\":\"https:\/\/ips-energy.com\/inspire\/agenda-1\/\",\"url\":\"https:\/\/ips-energy.com\/inspire\/agenda-1\/\",\"name\":\"Agenda 1 - Inspire\",\"isPartOf\":{\"@id\":\"https:\/\/ips-energy.com\/inspire\/#website\"},\"datePublished\":\"2025-11-13T09:56:19+00:00\",\"dateModified\":\"2026-03-06T10:05:28+00:00\",\"breadcrumb\":{\"@id\":\"https:\/\/ips-energy.com\/inspire\/agenda-1\/#breadcrumb\"},\"inLanguage\":\"en-US\",\"potentialAction\":[{\"@type\":\"ReadAction\",\"target\":[\"https:\/\/ips-energy.com\/inspire\/agenda-1\/\"]}]},{\"@type\":\"BreadcrumbList\",\"@id\":\"https:\/\/ips-energy.com\/inspire\/agenda-1\/#breadcrumb\",\"itemListElement\":[{\"@type\":\"ListItem\",\"position\":1,\"name\":\"Home\",\"item\":\"https:\/\/ips-energy.com\/inspire\/\"},{\"@type\":\"ListItem\",\"position\":2,\"name\":\"Agenda 1\"}]},{\"@type\":\"WebSite\",\"@id\":\"https:\/\/ips-energy.com\/inspire\/#website\",\"url\":\"https:\/\/ips-energy.com\/inspire\/\",\"name\":\"Inspire\",\"description\":\"\",\"potentialAction\":[{\"@type\":\"SearchAction\",\"target\":{\"@type\":\"EntryPoint\",\"urlTemplate\":\"https:\/\/ips-energy.com\/inspire\/?s={search_term_string}\"},\"query-input\":{\"@type\":\"PropertyValueSpecification\",\"valueRequired\":true,\"valueName\":\"search_term_string\"}}],\"inLanguage\":\"en-US\"}]}<\/script>\n<!-- \/ Yoast SEO plugin. -->","yoast_head_json":{"title":"Agenda 1 - Inspire","robots":{"index":"index","follow":"follow","max-snippet":"max-snippet:-1","max-image-preview":"max-image-preview:large","max-video-preview":"max-video-preview:-1"},"canonical":"https:\/\/ips-energy.com\/inspire\/agenda-1\/","og_locale":"en_US","og_type":"article","og_title":"Agenda 1 - Inspire","og_url":"https:\/\/ips-energy.com\/inspire\/agenda-1\/","og_site_name":"Inspire","article_modified_time":"2026-03-06T10:05:28+00:00","twitter_card":"summary_large_image","twitter_misc":{"Est. reading time":"1 minute"},"schema":{"@context":"https:\/\/schema.org","@graph":[{"@type":"WebPage","@id":"https:\/\/ips-energy.com\/inspire\/agenda-1\/","url":"https:\/\/ips-energy.com\/inspire\/agenda-1\/","name":"Agenda 1 - Inspire","isPartOf":{"@id":"https:\/\/ips-energy.com\/inspire\/#website"},"datePublished":"2025-11-13T09:56:19+00:00","dateModified":"2026-03-06T10:05:28+00:00","breadcrumb":{"@id":"https:\/\/ips-energy.com\/inspire\/agenda-1\/#breadcrumb"},"inLanguage":"en-US","potentialAction":[{"@type":"ReadAction","target":["https:\/\/ips-energy.com\/inspire\/agenda-1\/"]}]},{"@type":"BreadcrumbList","@id":"https:\/\/ips-energy.com\/inspire\/agenda-1\/#breadcrumb","itemListElement":[{"@type":"ListItem","position":1,"name":"Home","item":"https:\/\/ips-energy.com\/inspire\/"},{"@type":"ListItem","position":2,"name":"Agenda 1"}]},{"@type":"WebSite","@id":"https:\/\/ips-energy.com\/inspire\/#website","url":"https:\/\/ips-energy.com\/inspire\/","name":"Inspire","description":"","potentialAction":[{"@type":"SearchAction","target":{"@type":"EntryPoint","urlTemplate":"https:\/\/ips-energy.com\/inspire\/?s={search_term_string}"},"query-input":{"@type":"PropertyValueSpecification","valueRequired":true,"valueName":"search_term_string"}}],"inLanguage":"en-US"}]}},"_links":{"self":[{"href":"https:\/\/ips-energy.com\/inspire\/wp-json\/wp\/v2\/pages\/390","targetHints":{"allow":["GET"]}}],"collection":[{"href":"https:\/\/ips-energy.com\/inspire\/wp-json\/wp\/v2\/pages"}],"about":[{"href":"https:\/\/ips-energy.com\/inspire\/wp-json\/wp\/v2\/types\/page"}],"author":[{"embeddable":true,"href":"https:\/\/ips-energy.com\/inspire\/wp-json\/wp\/v2\/users\/1"}],"replies":[{"embeddable":true,"href":"https:\/\/ips-energy.com\/inspire\/wp-json\/wp\/v2\/comments?post=390"}],"version-history":[{"count":18,"href":"https:\/\/ips-energy.com\/inspire\/wp-json\/wp\/v2\/pages\/390\/revisions"}],"predecessor-version":[{"id":1033,"href":"https:\/\/ips-energy.com\/inspire\/wp-json\/wp\/v2\/pages\/390\/revisions\/1033"}],"wp:attachment":[{"href":"https:\/\/ips-energy.com\/inspire\/wp-json\/wp\/v2\/media?parent=390"}],"curies":[{"name":"wp","href":"https:\/\/api.w.org\/{rel}","templated":true}]}}