{"id":58,"date":"2024-08-26T11:42:53","date_gmt":"2024-08-26T11:42:53","guid":{"rendered":"https:\/\/ips-energy.com\/?page_id=58"},"modified":"2026-02-12T09:19:34","modified_gmt":"2026-02-12T09:19:34","slug":"blog","status":"publish","type":"page","link":"https:\/\/ips-energy.com\/de\/ressourcen\/blog\/","title":{"rendered":"Blog"},"content":{"rendered":"","protected":false},"excerpt":{"rendered":"","protected":false},"author":1,"featured_media":0,"parent":50,"menu_order":0,"comment_status":"closed","ping_status":"closed","template":"blog-template.php","meta":{"_acf_changed":false,"content-type":"","footnotes":""},"class_list":["post-58","page","type-page","status-publish","hentry"],"acf":[],"yoast_head":"<!-- This site is optimized with the Yoast SEO Premium plugin v26.1 (Yoast SEO v26.1) - https:\/\/yoast.com\/wordpress\/plugins\/seo\/ -->\n<title>Der Blog - IPS ENERGY<\/title>\n<meta name=\"description\" content=\"Unser Blog ist die Drehscheibe f\u00fcr n\u00fctzliche Inhalte, Geschichten, praktische Tipps und Neuigkeiten \u00fcber unsere L\u00f6sungen, die von Branchenexperten geschrieben wurden.\" \/>\n<meta name=\"robots\" content=\"index, follow, max-snippet:-1, max-image-preview:large, max-video-preview:-1\" \/>\n<link rel=\"canonical\" href=\"https:\/\/ips-energy.com\/de\/ressourcen\/blog\/\" \/>\n<meta property=\"og:locale\" content=\"de_DE\" \/>\n<meta property=\"og:type\" content=\"article\" \/>\n<meta property=\"og:title\" content=\"Blog\" \/>\n<meta property=\"og:description\" content=\"Unser Blog ist die Drehscheibe f\u00fcr n\u00fctzliche Inhalte, Geschichten, praktische Tipps und Neuigkeiten \u00fcber unsere L\u00f6sungen, die von Branchenexperten geschrieben wurden.\" \/>\n<meta property=\"og:url\" content=\"https:\/\/ips-energy.com\/de\/ressourcen\/blog\/\" \/>\n<meta property=\"og:site_name\" content=\"IPS ENERGY\" \/>\n<meta property=\"article:modified_time\" content=\"2026-02-12T09:19:34+00:00\" \/>\n<meta name=\"twitter:card\" content=\"summary_large_image\" \/>\n<script type=\"application\/ld+json\" class=\"yoast-schema-graph\">{\"@context\":\"https:\/\/schema.org\",\"@graph\":[{\"@type\":\"WebPage\",\"@id\":\"https:\/\/ips-energy.com\/de\/ressourcen\/blog\/\",\"url\":\"https:\/\/ips-energy.com\/de\/ressourcen\/blog\/\",\"name\":\"Der Blog - IPS ENERGY\",\"isPartOf\":{\"@id\":\"https:\/\/ips-energy.com\/de\/#website\"},\"datePublished\":\"2024-08-26T11:42:53+00:00\",\"dateModified\":\"2026-02-12T09:19:34+00:00\",\"description\":\"Unser Blog ist die Drehscheibe f\u00fcr n\u00fctzliche Inhalte, Geschichten, praktische Tipps und Neuigkeiten \u00fcber unsere L\u00f6sungen, die von Branchenexperten geschrieben wurden.\",\"breadcrumb\":{\"@id\":\"https:\/\/ips-energy.com\/de\/ressourcen\/blog\/#breadcrumb\"},\"inLanguage\":\"de\",\"potentialAction\":[{\"@type\":\"ReadAction\",\"target\":[\"https:\/\/ips-energy.com\/de\/ressourcen\/blog\/\"]}]},{\"@type\":\"BreadcrumbList\",\"@id\":\"https:\/\/ips-energy.com\/de\/ressourcen\/blog\/#breadcrumb\",\"itemListElement\":[{\"@type\":\"ListItem\",\"position\":1,\"name\":\"Home\",\"item\":\"https:\/\/ips-energy.com\/de\/\"},{\"@type\":\"ListItem\",\"position\":2,\"name\":\"Ressourcen\",\"item\":\"https:\/\/ips-energy.com\/de\/ressourcen\/\"},{\"@type\":\"ListItem\",\"position\":3,\"name\":\"Blog\"}]},{\"@type\":\"WebSite\",\"@id\":\"https:\/\/ips-energy.com\/de\/#website\",\"url\":\"https:\/\/ips-energy.com\/de\/\",\"name\":\"IPS ENERGY\",\"description\":\"\",\"publisher\":{\"@id\":\"https:\/\/ips-energy.com\/de\/#organization\"},\"alternateName\":\"IPS\",\"potentialAction\":[{\"@type\":\"SearchAction\",\"target\":{\"@type\":\"EntryPoint\",\"urlTemplate\":\"https:\/\/ips-energy.com\/de\/?s={search_term_string}\"},\"query-input\":{\"@type\":\"PropertyValueSpecification\",\"valueRequired\":true,\"valueName\":\"search_term_string\"}}],\"inLanguage\":\"de\"},{\"@type\":\"Organization\",\"@id\":\"https:\/\/ips-energy.com\/de\/#organization\",\"name\":\"IPS ENERGY\",\"alternateName\":\"IPS\",\"url\":\"https:\/\/ips-energy.com\/de\/\",\"logo\":{\"@type\":\"ImageObject\",\"inLanguage\":\"de\",\"@id\":\"https:\/\/ips-energy.com\/de\/#\/schema\/logo\/image\/\",\"url\":\"https:\/\/ips-energy.com\/de\/wp-content\/uploads\/sites\/3\/2025\/07\/.webp\",\"contentUrl\":\"https:\/\/ips-energy.com\/de\/wp-content\/uploads\/sites\/3\/2025\/07\/.webp\",\"width\":260,\"height\":91,\"caption\":\"IPS ENERGY\"},\"image\":{\"@id\":\"https:\/\/ips-energy.com\/de\/#\/schema\/logo\/image\/\"},\"sameAs\":[\"https:\/\/www.linkedin.com\/company\/ips-intelligent-process-solutions-gmbh\/\",\"https:\/\/www.youtube.com\/channel\/UC-T9bYSXn2qmY3pe2sgGSyQ\"],\"description\":\"PS ist ein in Deutschland ans\u00e4ssiges Unternehmen und ein f\u00fchrender Anbieter von Softwarel\u00f6sungen und Dienstleistungen f\u00fcr die globale Energieversorgungsbranche. Unsere Niederlassungen befinden sich in acht L\u00e4ndern weltweit. Ein engagiertes Team von fast 100 Mitarbeitern entwickelt und liefert innovative L\u00f6sungen f\u00fcr unsere Kunden.\",\"email\":\"info@ips-energy.com\",\"telephone\":\"+49 89 416148850\",\"legalName\":\"IPS Intelligent Process Solutions GmbH\",\"foundingDate\":\"2004-10-06\",\"vatID\":\"143 151 01183\",\"taxID\":\"DE814145945\",\"numberOfEmployees\":{\"@type\":\"QuantitativeValue\",\"minValue\":\"51\",\"maxValue\":\"200\"},\"ownershipFundingInfo\":\"https:\/\/ips-energy.com\/de\/impressum\/\",\"actionableFeedbackPolicy\":\"https:\/\/ips-energy.com\/de\/privatsphare\/\",\"correctionsPolicy\":\"https:\/\/ips-energy.com\/de\/privatsphare\/\",\"ethicsPolicy\":\"https:\/\/ips-energy.com\/de\/coc-and-csr\/\",\"diversityPolicy\":\"https:\/\/ips-energy.com\/de\/coc-and-csr\/\"}]}<\/script>\n<!-- \/ Yoast SEO Premium plugin. -->","yoast_head_json":{"title":"Der Blog - IPS ENERGY","description":"Unser Blog ist die Drehscheibe f\u00fcr n\u00fctzliche Inhalte, Geschichten, praktische Tipps und Neuigkeiten \u00fcber unsere L\u00f6sungen, die von Branchenexperten geschrieben wurden.","robots":{"index":"index","follow":"follow","max-snippet":"max-snippet:-1","max-image-preview":"max-image-preview:large","max-video-preview":"max-video-preview:-1"},"canonical":"https:\/\/ips-energy.com\/de\/ressourcen\/blog\/","og_locale":"de_DE","og_type":"article","og_title":"Blog","og_description":"Unser Blog ist die Drehscheibe f\u00fcr n\u00fctzliche Inhalte, Geschichten, praktische Tipps und Neuigkeiten \u00fcber unsere L\u00f6sungen, die von Branchenexperten geschrieben wurden.","og_url":"https:\/\/ips-energy.com\/de\/ressourcen\/blog\/","og_site_name":"IPS ENERGY","article_modified_time":"2026-02-12T09:19:34+00:00","twitter_card":"summary_large_image","schema":{"@context":"https:\/\/schema.org","@graph":[{"@type":"WebPage","@id":"https:\/\/ips-energy.com\/de\/ressourcen\/blog\/","url":"https:\/\/ips-energy.com\/de\/ressourcen\/blog\/","name":"Der Blog - IPS ENERGY","isPartOf":{"@id":"https:\/\/ips-energy.com\/de\/#website"},"datePublished":"2024-08-26T11:42:53+00:00","dateModified":"2026-02-12T09:19:34+00:00","description":"Unser Blog ist die Drehscheibe f\u00fcr n\u00fctzliche Inhalte, Geschichten, praktische Tipps und Neuigkeiten \u00fcber unsere L\u00f6sungen, die von Branchenexperten geschrieben wurden.","breadcrumb":{"@id":"https:\/\/ips-energy.com\/de\/ressourcen\/blog\/#breadcrumb"},"inLanguage":"de","potentialAction":[{"@type":"ReadAction","target":["https:\/\/ips-energy.com\/de\/ressourcen\/blog\/"]}]},{"@type":"BreadcrumbList","@id":"https:\/\/ips-energy.com\/de\/ressourcen\/blog\/#breadcrumb","itemListElement":[{"@type":"ListItem","position":1,"name":"Home","item":"https:\/\/ips-energy.com\/de\/"},{"@type":"ListItem","position":2,"name":"Ressourcen","item":"https:\/\/ips-energy.com\/de\/ressourcen\/"},{"@type":"ListItem","position":3,"name":"Blog"}]},{"@type":"WebSite","@id":"https:\/\/ips-energy.com\/de\/#website","url":"https:\/\/ips-energy.com\/de\/","name":"IPS ENERGY","description":"","publisher":{"@id":"https:\/\/ips-energy.com\/de\/#organization"},"alternateName":"IPS","potentialAction":[{"@type":"SearchAction","target":{"@type":"EntryPoint","urlTemplate":"https:\/\/ips-energy.com\/de\/?s={search_term_string}"},"query-input":{"@type":"PropertyValueSpecification","valueRequired":true,"valueName":"search_term_string"}}],"inLanguage":"de"},{"@type":"Organization","@id":"https:\/\/ips-energy.com\/de\/#organization","name":"IPS ENERGY","alternateName":"IPS","url":"https:\/\/ips-energy.com\/de\/","logo":{"@type":"ImageObject","inLanguage":"de","@id":"https:\/\/ips-energy.com\/de\/#\/schema\/logo\/image\/","url":"https:\/\/ips-energy.com\/de\/wp-content\/uploads\/sites\/3\/2025\/07\/.webp","contentUrl":"https:\/\/ips-energy.com\/de\/wp-content\/uploads\/sites\/3\/2025\/07\/.webp","width":260,"height":91,"caption":"IPS ENERGY"},"image":{"@id":"https:\/\/ips-energy.com\/de\/#\/schema\/logo\/image\/"},"sameAs":["https:\/\/www.linkedin.com\/company\/ips-intelligent-process-solutions-gmbh\/","https:\/\/www.youtube.com\/channel\/UC-T9bYSXn2qmY3pe2sgGSyQ"],"description":"PS ist ein in Deutschland ans\u00e4ssiges Unternehmen und ein f\u00fchrender Anbieter von Softwarel\u00f6sungen und Dienstleistungen f\u00fcr die globale Energieversorgungsbranche. Unsere Niederlassungen befinden sich in acht L\u00e4ndern weltweit. Ein engagiertes Team von fast 100 Mitarbeitern entwickelt und liefert innovative L\u00f6sungen f\u00fcr unsere Kunden.","email":"info@ips-energy.com","telephone":"+49 89 416148850","legalName":"IPS Intelligent Process Solutions GmbH","foundingDate":"2004-10-06","vatID":"143 151 01183","taxID":"DE814145945","numberOfEmployees":{"@type":"QuantitativeValue","minValue":"51","maxValue":"200"},"ownershipFundingInfo":"https:\/\/ips-energy.com\/de\/impressum\/","actionableFeedbackPolicy":"https:\/\/ips-energy.com\/de\/privatsphare\/","correctionsPolicy":"https:\/\/ips-energy.com\/de\/privatsphare\/","ethicsPolicy":"https:\/\/ips-energy.com\/de\/coc-and-csr\/","diversityPolicy":"https:\/\/ips-energy.com\/de\/coc-and-csr\/"}]}},"_links":{"self":[{"href":"https:\/\/ips-energy.com\/de\/wp-json\/wp\/v2\/pages\/58","targetHints":{"allow":["GET"]}}],"collection":[{"href":"https:\/\/ips-energy.com\/de\/wp-json\/wp\/v2\/pages"}],"about":[{"href":"https:\/\/ips-energy.com\/de\/wp-json\/wp\/v2\/types\/page"}],"author":[{"embeddable":true,"href":"https:\/\/ips-energy.com\/de\/wp-json\/wp\/v2\/users\/1"}],"replies":[{"embeddable":true,"href":"https:\/\/ips-energy.com\/de\/wp-json\/wp\/v2\/comments?post=58"}],"version-history":[{"count":4,"href":"https:\/\/ips-energy.com\/de\/wp-json\/wp\/v2\/pages\/58\/revisions"}],"predecessor-version":[{"id":2533,"href":"https:\/\/ips-energy.com\/de\/wp-json\/wp\/v2\/pages\/58\/revisions\/2533"}],"up":[{"embeddable":true,"href":"https:\/\/ips-energy.com\/de\/wp-json\/wp\/v2\/pages\/50"}],"wp:attachment":[{"href":"https:\/\/ips-energy.com\/de\/wp-json\/wp\/v2\/media?parent=58"}],"curies":[{"name":"wp","href":"https:\/\/api.w.org\/{rel}","templated":true}]}}