{"id":2686,"date":"2025-10-03T13:47:16","date_gmt":"2025-10-03T13:47:16","guid":{"rendered":"https:\/\/ips-energy.com\/de\/?page_id=2686"},"modified":"2026-02-11T13:53:30","modified_gmt":"2026-02-11T13:53:30","slug":"vereinigtes-koenigreich","status":"publish","type":"page","link":"https:\/\/ips-energy.com\/de\/standorte\/vereinigtes-koenigreich\/","title":{"rendered":"Vereinigtes K\u00f6nigreich"},"content":{"rendered":"","protected":false},"excerpt":{"rendered":"","protected":false},"author":1,"featured_media":0,"parent":2448,"menu_order":0,"comment_status":"closed","ping_status":"closed","template":"single-location-template.php","meta":{"_acf_changed":false,"content-type":"","footnotes":""},"class_list":["post-2686","page","type-page","status-publish","hentry"],"acf":[],"yoast_head":"<!-- This site is optimized with the Yoast SEO Premium plugin v26.1 (Yoast SEO v26.1) - https:\/\/yoast.com\/wordpress\/plugins\/seo\/ -->\n<title>Vereinigtes K\u00f6nigreich - IPS ENERGY<\/title>\n<meta name=\"description\" content=\"Finden Sie unsere Standorte und Kontaktdaten in Vereinigtes K\u00f6nigreich. Verbinden Sie sich mit unseren B\u00fcros, um innovative L\u00f6sungen f\u00fcr die Energiebranche zu entdecken.\" \/>\n<meta name=\"robots\" content=\"index, follow, max-snippet:-1, max-image-preview:large, max-video-preview:-1\" \/>\n<link rel=\"canonical\" href=\"https:\/\/ips-energy.com\/de\/standorte\/vereinigtes-koenigreich\/\" \/>\n<meta property=\"og:locale\" content=\"de_DE\" \/>\n<meta property=\"og:type\" content=\"article\" \/>\n<meta property=\"og:title\" content=\"Vereinigtes K\u00f6nigreich\" \/>\n<meta property=\"og:description\" content=\"Finden Sie unsere Standorte und Kontaktdaten in Vereinigtes K\u00f6nigreich. Verbinden Sie sich mit unseren B\u00fcros, um innovative L\u00f6sungen f\u00fcr die Energiebranche zu entdecken.\" \/>\n<meta property=\"og:url\" content=\"https:\/\/ips-energy.com\/de\/standorte\/vereinigtes-koenigreich\/\" \/>\n<meta property=\"og:site_name\" content=\"IPS ENERGY\" \/>\n<meta property=\"article:modified_time\" content=\"2026-02-11T13:53:30+00:00\" \/>\n<meta name=\"twitter:card\" content=\"summary_large_image\" \/>\n<script type=\"application\/ld+json\" class=\"yoast-schema-graph\">{\"@context\":\"https:\/\/schema.org\",\"@graph\":[{\"@type\":\"WebPage\",\"@id\":\"https:\/\/ips-energy.com\/de\/standorte\/vereinigtes-koenigreich\/\",\"url\":\"https:\/\/ips-energy.com\/de\/standorte\/vereinigtes-koenigreich\/\",\"name\":\"Vereinigtes K\u00f6nigreich - IPS ENERGY\",\"isPartOf\":{\"@id\":\"https:\/\/ips-energy.com\/de\/#website\"},\"datePublished\":\"2025-10-03T13:47:16+00:00\",\"dateModified\":\"2026-02-11T13:53:30+00:00\",\"description\":\"Finden Sie unsere Standorte und Kontaktdaten in Vereinigtes K\u00f6nigreich. Verbinden Sie sich mit unseren B\u00fcros, um innovative L\u00f6sungen f\u00fcr die Energiebranche zu entdecken.\",\"breadcrumb\":{\"@id\":\"https:\/\/ips-energy.com\/de\/standorte\/vereinigtes-koenigreich\/#breadcrumb\"},\"inLanguage\":\"de\",\"potentialAction\":[{\"@type\":\"ReadAction\",\"target\":[\"https:\/\/ips-energy.com\/de\/standorte\/vereinigtes-koenigreich\/\"]}]},{\"@type\":\"BreadcrumbList\",\"@id\":\"https:\/\/ips-energy.com\/de\/standorte\/vereinigtes-koenigreich\/#breadcrumb\",\"itemListElement\":[{\"@type\":\"ListItem\",\"position\":1,\"name\":\"Home\",\"item\":\"https:\/\/ips-energy.com\/de\/\"},{\"@type\":\"ListItem\",\"position\":2,\"name\":\"Standorte\",\"item\":\"https:\/\/ips-energy.com\/de\/standorte\/\"},{\"@type\":\"ListItem\",\"position\":3,\"name\":\"Vereinigtes K\u00f6nigreich\"}]},{\"@type\":\"WebSite\",\"@id\":\"https:\/\/ips-energy.com\/de\/#website\",\"url\":\"https:\/\/ips-energy.com\/de\/\",\"name\":\"IPS ENERGY\",\"description\":\"\",\"publisher\":{\"@id\":\"https:\/\/ips-energy.com\/de\/#organization\"},\"alternateName\":\"IPS\",\"potentialAction\":[{\"@type\":\"SearchAction\",\"target\":{\"@type\":\"EntryPoint\",\"urlTemplate\":\"https:\/\/ips-energy.com\/de\/?s={search_term_string}\"},\"query-input\":{\"@type\":\"PropertyValueSpecification\",\"valueRequired\":true,\"valueName\":\"search_term_string\"}}],\"inLanguage\":\"de\"},{\"@type\":\"Organization\",\"@id\":\"https:\/\/ips-energy.com\/de\/#organization\",\"name\":\"IPS ENERGY\",\"alternateName\":\"IPS\",\"url\":\"https:\/\/ips-energy.com\/de\/\",\"logo\":{\"@type\":\"ImageObject\",\"inLanguage\":\"de\",\"@id\":\"https:\/\/ips-energy.com\/de\/#\/schema\/logo\/image\/\",\"url\":\"https:\/\/ips-energy.com\/de\/wp-content\/uploads\/sites\/3\/2025\/07\/.webp\",\"contentUrl\":\"https:\/\/ips-energy.com\/de\/wp-content\/uploads\/sites\/3\/2025\/07\/.webp\",\"width\":260,\"height\":91,\"caption\":\"IPS ENERGY\"},\"image\":{\"@id\":\"https:\/\/ips-energy.com\/de\/#\/schema\/logo\/image\/\"},\"sameAs\":[\"https:\/\/www.linkedin.com\/company\/ips-intelligent-process-solutions-gmbh\/\",\"https:\/\/www.youtube.com\/channel\/UC-T9bYSXn2qmY3pe2sgGSyQ\"],\"description\":\"PS ist ein in Deutschland ans\u00e4ssiges Unternehmen und ein f\u00fchrender Anbieter von Softwarel\u00f6sungen und Dienstleistungen f\u00fcr die globale Energieversorgungsbranche. Unsere Niederlassungen befinden sich in acht L\u00e4ndern weltweit. Ein engagiertes Team von fast 100 Mitarbeitern entwickelt und liefert innovative L\u00f6sungen f\u00fcr unsere Kunden.\",\"email\":\"info@ips-energy.com\",\"telephone\":\"+49 89 416148850\",\"legalName\":\"IPS Intelligent Process Solutions GmbH\",\"foundingDate\":\"2004-10-06\",\"vatID\":\"143 151 01183\",\"taxID\":\"DE814145945\",\"numberOfEmployees\":{\"@type\":\"QuantitativeValue\",\"minValue\":\"51\",\"maxValue\":\"200\"},\"ownershipFundingInfo\":\"https:\/\/ips-energy.com\/de\/impressum\/\",\"actionableFeedbackPolicy\":\"https:\/\/ips-energy.com\/de\/privatsphare\/\",\"correctionsPolicy\":\"https:\/\/ips-energy.com\/de\/privatsphare\/\",\"ethicsPolicy\":\"https:\/\/ips-energy.com\/de\/coc-and-csr\/\",\"diversityPolicy\":\"https:\/\/ips-energy.com\/de\/coc-and-csr\/\"}]}<\/script>\n<!-- \/ Yoast SEO Premium plugin. -->","yoast_head_json":{"title":"Vereinigtes K\u00f6nigreich - IPS ENERGY","description":"Finden Sie unsere Standorte und Kontaktdaten in Vereinigtes K\u00f6nigreich. Verbinden Sie sich mit unseren B\u00fcros, um innovative L\u00f6sungen f\u00fcr die Energiebranche zu entdecken.","robots":{"index":"index","follow":"follow","max-snippet":"max-snippet:-1","max-image-preview":"max-image-preview:large","max-video-preview":"max-video-preview:-1"},"canonical":"https:\/\/ips-energy.com\/de\/standorte\/vereinigtes-koenigreich\/","og_locale":"de_DE","og_type":"article","og_title":"Vereinigtes K\u00f6nigreich","og_description":"Finden Sie unsere Standorte und Kontaktdaten in Vereinigtes K\u00f6nigreich. Verbinden Sie sich mit unseren B\u00fcros, um innovative L\u00f6sungen f\u00fcr die Energiebranche zu entdecken.","og_url":"https:\/\/ips-energy.com\/de\/standorte\/vereinigtes-koenigreich\/","og_site_name":"IPS ENERGY","article_modified_time":"2026-02-11T13:53:30+00:00","twitter_card":"summary_large_image","schema":{"@context":"https:\/\/schema.org","@graph":[{"@type":"WebPage","@id":"https:\/\/ips-energy.com\/de\/standorte\/vereinigtes-koenigreich\/","url":"https:\/\/ips-energy.com\/de\/standorte\/vereinigtes-koenigreich\/","name":"Vereinigtes K\u00f6nigreich - IPS ENERGY","isPartOf":{"@id":"https:\/\/ips-energy.com\/de\/#website"},"datePublished":"2025-10-03T13:47:16+00:00","dateModified":"2026-02-11T13:53:30+00:00","description":"Finden Sie unsere Standorte und Kontaktdaten in Vereinigtes K\u00f6nigreich. Verbinden Sie sich mit unseren B\u00fcros, um innovative L\u00f6sungen f\u00fcr die Energiebranche zu entdecken.","breadcrumb":{"@id":"https:\/\/ips-energy.com\/de\/standorte\/vereinigtes-koenigreich\/#breadcrumb"},"inLanguage":"de","potentialAction":[{"@type":"ReadAction","target":["https:\/\/ips-energy.com\/de\/standorte\/vereinigtes-koenigreich\/"]}]},{"@type":"BreadcrumbList","@id":"https:\/\/ips-energy.com\/de\/standorte\/vereinigtes-koenigreich\/#breadcrumb","itemListElement":[{"@type":"ListItem","position":1,"name":"Home","item":"https:\/\/ips-energy.com\/de\/"},{"@type":"ListItem","position":2,"name":"Standorte","item":"https:\/\/ips-energy.com\/de\/standorte\/"},{"@type":"ListItem","position":3,"name":"Vereinigtes K\u00f6nigreich"}]},{"@type":"WebSite","@id":"https:\/\/ips-energy.com\/de\/#website","url":"https:\/\/ips-energy.com\/de\/","name":"IPS ENERGY","description":"","publisher":{"@id":"https:\/\/ips-energy.com\/de\/#organization"},"alternateName":"IPS","potentialAction":[{"@type":"SearchAction","target":{"@type":"EntryPoint","urlTemplate":"https:\/\/ips-energy.com\/de\/?s={search_term_string}"},"query-input":{"@type":"PropertyValueSpecification","valueRequired":true,"valueName":"search_term_string"}}],"inLanguage":"de"},{"@type":"Organization","@id":"https:\/\/ips-energy.com\/de\/#organization","name":"IPS ENERGY","alternateName":"IPS","url":"https:\/\/ips-energy.com\/de\/","logo":{"@type":"ImageObject","inLanguage":"de","@id":"https:\/\/ips-energy.com\/de\/#\/schema\/logo\/image\/","url":"https:\/\/ips-energy.com\/de\/wp-content\/uploads\/sites\/3\/2025\/07\/.webp","contentUrl":"https:\/\/ips-energy.com\/de\/wp-content\/uploads\/sites\/3\/2025\/07\/.webp","width":260,"height":91,"caption":"IPS ENERGY"},"image":{"@id":"https:\/\/ips-energy.com\/de\/#\/schema\/logo\/image\/"},"sameAs":["https:\/\/www.linkedin.com\/company\/ips-intelligent-process-solutions-gmbh\/","https:\/\/www.youtube.com\/channel\/UC-T9bYSXn2qmY3pe2sgGSyQ"],"description":"PS ist ein in Deutschland ans\u00e4ssiges Unternehmen und ein f\u00fchrender Anbieter von Softwarel\u00f6sungen und Dienstleistungen f\u00fcr die globale Energieversorgungsbranche. Unsere Niederlassungen befinden sich in acht L\u00e4ndern weltweit. Ein engagiertes Team von fast 100 Mitarbeitern entwickelt und liefert innovative L\u00f6sungen f\u00fcr unsere Kunden.","email":"info@ips-energy.com","telephone":"+49 89 416148850","legalName":"IPS Intelligent Process Solutions GmbH","foundingDate":"2004-10-06","vatID":"143 151 01183","taxID":"DE814145945","numberOfEmployees":{"@type":"QuantitativeValue","minValue":"51","maxValue":"200"},"ownershipFundingInfo":"https:\/\/ips-energy.com\/de\/impressum\/","actionableFeedbackPolicy":"https:\/\/ips-energy.com\/de\/privatsphare\/","correctionsPolicy":"https:\/\/ips-energy.com\/de\/privatsphare\/","ethicsPolicy":"https:\/\/ips-energy.com\/de\/coc-and-csr\/","diversityPolicy":"https:\/\/ips-energy.com\/de\/coc-and-csr\/"}]}},"_links":{"self":[{"href":"https:\/\/ips-energy.com\/de\/wp-json\/wp\/v2\/pages\/2686","targetHints":{"allow":["GET"]}}],"collection":[{"href":"https:\/\/ips-energy.com\/de\/wp-json\/wp\/v2\/pages"}],"about":[{"href":"https:\/\/ips-energy.com\/de\/wp-json\/wp\/v2\/types\/page"}],"author":[{"embeddable":true,"href":"https:\/\/ips-energy.com\/de\/wp-json\/wp\/v2\/users\/1"}],"replies":[{"embeddable":true,"href":"https:\/\/ips-energy.com\/de\/wp-json\/wp\/v2\/comments?post=2686"}],"version-history":[{"count":2,"href":"https:\/\/ips-energy.com\/de\/wp-json\/wp\/v2\/pages\/2686\/revisions"}],"predecessor-version":[{"id":2810,"href":"https:\/\/ips-energy.com\/de\/wp-json\/wp\/v2\/pages\/2686\/revisions\/2810"}],"up":[{"embeddable":true,"href":"https:\/\/ips-energy.com\/de\/wp-json\/wp\/v2\/pages\/2448"}],"wp:attachment":[{"href":"https:\/\/ips-energy.com\/de\/wp-json\/wp\/v2\/media?parent=2686"}],"curies":[{"name":"wp","href":"https:\/\/api.w.org\/{rel}","templated":true}]}}