{"id":2553,"date":"2025-09-16T10:46:25","date_gmt":"2025-09-16T10:46:25","guid":{"rendered":"https:\/\/ips-energy.com\/de\/?page_id=2553"},"modified":"2026-02-11T11:29:16","modified_gmt":"2026-02-11T11:29:16","slug":"modernisierung-der-netzinvestitionen-die-digitale-transformation-von-distributieoltenia","status":"publish","type":"page","link":"https:\/\/ips-energy.com\/de\/referenzen\/erfolgsgeschichten\/modernisierung-der-netzinvestitionen-die-digitale-transformation-von-distributieoltenia\/","title":{"rendered":"Modernisierung der Netzinvestitionen: Die digitale  Transformation von Distributie Oltenia"},"content":{"rendered":"","protected":false},"excerpt":{"rendered":"","protected":false},"author":1,"featured_media":2554,"parent":48,"menu_order":0,"comment_status":"closed","ping_status":"closed","template":"single-customer-story-1.php","meta":{"_acf_changed":false,"content-type":"","footnotes":""},"class_list":["post-2553","page","type-page","status-publish","has-post-thumbnail","hentry"],"acf":[],"yoast_head":"<!-- This site is optimized with the Yoast SEO Premium plugin v26.1 (Yoast SEO v26.1) - https:\/\/yoast.com\/wordpress\/plugins\/seo\/ -->\n<title>Modernisierung der Netzinvestitionen: Die digitale Transformation von Distributie Oltenia - IPS ENERGY<\/title>\n<meta name=\"description\" content=\"Distributie Oltenia versorgt 1,5 Mio. Kunden und meistert Herausforderungen bei alternden Anlagen, Datenfragmentierung und EU-Vorschriften.\" \/>\n<meta name=\"robots\" content=\"index, follow, max-snippet:-1, max-image-preview:large, max-video-preview:-1\" \/>\n<link rel=\"canonical\" href=\"https:\/\/ips-energy.com\/de\/referenzen\/erfolgsgeschichten\/modernisierung-der-netzinvestitionen-die-digitale-transformation-von-distributieoltenia\/\" \/>\n<meta property=\"og:locale\" content=\"de_DE\" \/>\n<meta property=\"og:type\" content=\"article\" \/>\n<meta property=\"og:title\" content=\"Modernisierung der Netzinvestitionen: Die digitale Transformation von Distributie Oltenia\" \/>\n<meta property=\"og:description\" content=\"Distributie Oltenia versorgt 1,5 Mio. Kunden und meistert Herausforderungen bei alternden Anlagen, Datenfragmentierung und EU-Vorschriften.\" \/>\n<meta property=\"og:url\" content=\"https:\/\/ips-energy.com\/de\/referenzen\/erfolgsgeschichten\/modernisierung-der-netzinvestitionen-die-digitale-transformation-von-distributieoltenia\/\" \/>\n<meta property=\"og:site_name\" content=\"IPS ENERGY\" \/>\n<meta property=\"article:modified_time\" content=\"2026-02-11T11:29:16+00:00\" \/>\n<meta property=\"og:image\" content=\"https:\/\/ips-energy.com\/de\/wp-content\/uploads\/sites\/3\/2025\/09\/strommasten-hochspannungsleitungen-distributie-oltenia-logo-sky-1024x576.png\" \/>\n\t<meta property=\"og:image:width\" content=\"1024\" \/>\n\t<meta property=\"og:image:height\" content=\"576\" \/>\n\t<meta property=\"og:image:type\" content=\"image\/png\" \/>\n<meta name=\"twitter:card\" content=\"summary_large_image\" \/>\n<meta name=\"twitter:label1\" content=\"Gesch\u00e4tzte Lesezeit\" \/>\n\t<meta name=\"twitter:data1\" content=\"1\u00a0Minute\" \/>\n<script type=\"application\/ld+json\" class=\"yoast-schema-graph\">{\"@context\":\"https:\/\/schema.org\",\"@graph\":[{\"@type\":\"WebPage\",\"@id\":\"https:\/\/ips-energy.com\/de\/referenzen\/erfolgsgeschichten\/modernisierung-der-netzinvestitionen-die-digitale-transformation-von-distributieoltenia\/\",\"url\":\"https:\/\/ips-energy.com\/de\/referenzen\/erfolgsgeschichten\/modernisierung-der-netzinvestitionen-die-digitale-transformation-von-distributieoltenia\/\",\"name\":\"Modernisierung der Netzinvestitionen: Die digitale Transformation von Distributie Oltenia - IPS ENERGY\",\"isPartOf\":{\"@id\":\"https:\/\/ips-energy.com\/de\/#website\"},\"primaryImageOfPage\":{\"@id\":\"https:\/\/ips-energy.com\/de\/referenzen\/erfolgsgeschichten\/modernisierung-der-netzinvestitionen-die-digitale-transformation-von-distributieoltenia\/#primaryimage\"},\"image\":{\"@id\":\"https:\/\/ips-energy.com\/de\/referenzen\/erfolgsgeschichten\/modernisierung-der-netzinvestitionen-die-digitale-transformation-von-distributieoltenia\/#primaryimage\"},\"thumbnailUrl\":\"https:\/\/ips-energy.com\/de\/wp-content\/uploads\/sites\/3\/2025\/09\/strommasten-hochspannungsleitungen-distributie-oltenia-logo-sky.png\",\"datePublished\":\"2025-09-16T10:46:25+00:00\",\"dateModified\":\"2026-02-11T11:29:16+00:00\",\"description\":\"Distributie Oltenia versorgt 1,5 Mio. Kunden und meistert Herausforderungen bei alternden Anlagen, Datenfragmentierung und EU-Vorschriften.\",\"breadcrumb\":{\"@id\":\"https:\/\/ips-energy.com\/de\/referenzen\/erfolgsgeschichten\/modernisierung-der-netzinvestitionen-die-digitale-transformation-von-distributieoltenia\/#breadcrumb\"},\"inLanguage\":\"de\",\"potentialAction\":[{\"@type\":\"ReadAction\",\"target\":[\"https:\/\/ips-energy.com\/de\/referenzen\/erfolgsgeschichten\/modernisierung-der-netzinvestitionen-die-digitale-transformation-von-distributieoltenia\/\"]}]},{\"@type\":\"ImageObject\",\"inLanguage\":\"de\",\"@id\":\"https:\/\/ips-energy.com\/de\/referenzen\/erfolgsgeschichten\/modernisierung-der-netzinvestitionen-die-digitale-transformation-von-distributieoltenia\/#primaryimage\",\"url\":\"https:\/\/ips-energy.com\/de\/wp-content\/uploads\/sites\/3\/2025\/09\/strommasten-hochspannungsleitungen-distributie-oltenia-logo-sky.png\",\"contentUrl\":\"https:\/\/ips-energy.com\/de\/wp-content\/uploads\/sites\/3\/2025\/09\/strommasten-hochspannungsleitungen-distributie-oltenia-logo-sky.png\",\"width\":1920,\"height\":1080,\"caption\":\"Mehrere Strommasten und Hochspannungsleitungen sind vor einem blauen Himmel abgebildet, im Vordergrund befindet sich das Logo und der Schriftzug von Distribu\u021bie Oltenia.\"},{\"@type\":\"BreadcrumbList\",\"@id\":\"https:\/\/ips-energy.com\/de\/referenzen\/erfolgsgeschichten\/modernisierung-der-netzinvestitionen-die-digitale-transformation-von-distributieoltenia\/#breadcrumb\",\"itemListElement\":[{\"@type\":\"ListItem\",\"position\":1,\"name\":\"Home\",\"item\":\"https:\/\/ips-energy.com\/de\/\"},{\"@type\":\"ListItem\",\"position\":2,\"name\":\"Referenzen\",\"item\":\"https:\/\/ips-energy.com\/de\/referenzen\/\"},{\"@type\":\"ListItem\",\"position\":3,\"name\":\"Erfolgsgeschichten\",\"item\":\"https:\/\/ips-energy.com\/de\/referenzen\/erfolgsgeschichten\/\"},{\"@type\":\"ListItem\",\"position\":4,\"name\":\"Modernisierung der Netzinvestitionen: Die digitale Transformation von Distributie Oltenia\"}]},{\"@type\":\"WebSite\",\"@id\":\"https:\/\/ips-energy.com\/de\/#website\",\"url\":\"https:\/\/ips-energy.com\/de\/\",\"name\":\"IPS ENERGY\",\"description\":\"\",\"publisher\":{\"@id\":\"https:\/\/ips-energy.com\/de\/#organization\"},\"alternateName\":\"IPS\",\"potentialAction\":[{\"@type\":\"SearchAction\",\"target\":{\"@type\":\"EntryPoint\",\"urlTemplate\":\"https:\/\/ips-energy.com\/de\/?s={search_term_string}\"},\"query-input\":{\"@type\":\"PropertyValueSpecification\",\"valueRequired\":true,\"valueName\":\"search_term_string\"}}],\"inLanguage\":\"de\"},{\"@type\":\"Organization\",\"@id\":\"https:\/\/ips-energy.com\/de\/#organization\",\"name\":\"IPS ENERGY\",\"alternateName\":\"IPS\",\"url\":\"https:\/\/ips-energy.com\/de\/\",\"logo\":{\"@type\":\"ImageObject\",\"inLanguage\":\"de\",\"@id\":\"https:\/\/ips-energy.com\/de\/#\/schema\/logo\/image\/\",\"url\":\"https:\/\/ips-energy.com\/de\/wp-content\/uploads\/sites\/3\/2025\/07\/.webp\",\"contentUrl\":\"https:\/\/ips-energy.com\/de\/wp-content\/uploads\/sites\/3\/2025\/07\/.webp\",\"width\":260,\"height\":91,\"caption\":\"IPS ENERGY\"},\"image\":{\"@id\":\"https:\/\/ips-energy.com\/de\/#\/schema\/logo\/image\/\"},\"sameAs\":[\"https:\/\/www.linkedin.com\/company\/ips-intelligent-process-solutions-gmbh\/\",\"https:\/\/www.youtube.com\/channel\/UC-T9bYSXn2qmY3pe2sgGSyQ\"],\"description\":\"PS ist ein in Deutschland ans\u00e4ssiges Unternehmen und ein f\u00fchrender Anbieter von Softwarel\u00f6sungen und Dienstleistungen f\u00fcr die globale Energieversorgungsbranche. Unsere Niederlassungen befinden sich in acht L\u00e4ndern weltweit. Ein engagiertes Team von fast 100 Mitarbeitern entwickelt und liefert innovative L\u00f6sungen f\u00fcr unsere Kunden.\",\"email\":\"info@ips-energy.com\",\"telephone\":\"+49 89 416148850\",\"legalName\":\"IPS Intelligent Process Solutions GmbH\",\"foundingDate\":\"2004-10-06\",\"vatID\":\"143 151 01183\",\"taxID\":\"DE814145945\",\"numberOfEmployees\":{\"@type\":\"QuantitativeValue\",\"minValue\":\"51\",\"maxValue\":\"200\"},\"ownershipFundingInfo\":\"https:\/\/ips-energy.com\/de\/impressum\/\",\"actionableFeedbackPolicy\":\"https:\/\/ips-energy.com\/de\/privatsphare\/\",\"correctionsPolicy\":\"https:\/\/ips-energy.com\/de\/privatsphare\/\",\"ethicsPolicy\":\"https:\/\/ips-energy.com\/de\/coc-and-csr\/\",\"diversityPolicy\":\"https:\/\/ips-energy.com\/de\/coc-and-csr\/\"}]}<\/script>\n<!-- \/ Yoast SEO Premium plugin. -->","yoast_head_json":{"title":"Modernisierung der Netzinvestitionen: Die digitale Transformation von Distributie Oltenia - IPS ENERGY","description":"Distributie Oltenia versorgt 1,5 Mio. Kunden und meistert Herausforderungen bei alternden Anlagen, Datenfragmentierung und EU-Vorschriften.","robots":{"index":"index","follow":"follow","max-snippet":"max-snippet:-1","max-image-preview":"max-image-preview:large","max-video-preview":"max-video-preview:-1"},"canonical":"https:\/\/ips-energy.com\/de\/referenzen\/erfolgsgeschichten\/modernisierung-der-netzinvestitionen-die-digitale-transformation-von-distributieoltenia\/","og_locale":"de_DE","og_type":"article","og_title":"Modernisierung der Netzinvestitionen: Die digitale Transformation von Distributie Oltenia","og_description":"Distributie Oltenia versorgt 1,5 Mio. Kunden und meistert Herausforderungen bei alternden Anlagen, Datenfragmentierung und EU-Vorschriften.","og_url":"https:\/\/ips-energy.com\/de\/referenzen\/erfolgsgeschichten\/modernisierung-der-netzinvestitionen-die-digitale-transformation-von-distributieoltenia\/","og_site_name":"IPS ENERGY","article_modified_time":"2026-02-11T11:29:16+00:00","og_image":[{"width":1024,"height":576,"url":"https:\/\/ips-energy.com\/de\/wp-content\/uploads\/sites\/3\/2025\/09\/strommasten-hochspannungsleitungen-distributie-oltenia-logo-sky-1024x576.png","type":"image\/png"}],"twitter_card":"summary_large_image","twitter_misc":{"Gesch\u00e4tzte Lesezeit":"1\u00a0Minute"},"schema":{"@context":"https:\/\/schema.org","@graph":[{"@type":"WebPage","@id":"https:\/\/ips-energy.com\/de\/referenzen\/erfolgsgeschichten\/modernisierung-der-netzinvestitionen-die-digitale-transformation-von-distributieoltenia\/","url":"https:\/\/ips-energy.com\/de\/referenzen\/erfolgsgeschichten\/modernisierung-der-netzinvestitionen-die-digitale-transformation-von-distributieoltenia\/","name":"Modernisierung der Netzinvestitionen: Die digitale Transformation von Distributie Oltenia - IPS ENERGY","isPartOf":{"@id":"https:\/\/ips-energy.com\/de\/#website"},"primaryImageOfPage":{"@id":"https:\/\/ips-energy.com\/de\/referenzen\/erfolgsgeschichten\/modernisierung-der-netzinvestitionen-die-digitale-transformation-von-distributieoltenia\/#primaryimage"},"image":{"@id":"https:\/\/ips-energy.com\/de\/referenzen\/erfolgsgeschichten\/modernisierung-der-netzinvestitionen-die-digitale-transformation-von-distributieoltenia\/#primaryimage"},"thumbnailUrl":"https:\/\/ips-energy.com\/de\/wp-content\/uploads\/sites\/3\/2025\/09\/strommasten-hochspannungsleitungen-distributie-oltenia-logo-sky.png","datePublished":"2025-09-16T10:46:25+00:00","dateModified":"2026-02-11T11:29:16+00:00","description":"Distributie Oltenia versorgt 1,5 Mio. Kunden und meistert Herausforderungen bei alternden Anlagen, Datenfragmentierung und EU-Vorschriften.","breadcrumb":{"@id":"https:\/\/ips-energy.com\/de\/referenzen\/erfolgsgeschichten\/modernisierung-der-netzinvestitionen-die-digitale-transformation-von-distributieoltenia\/#breadcrumb"},"inLanguage":"de","potentialAction":[{"@type":"ReadAction","target":["https:\/\/ips-energy.com\/de\/referenzen\/erfolgsgeschichten\/modernisierung-der-netzinvestitionen-die-digitale-transformation-von-distributieoltenia\/"]}]},{"@type":"ImageObject","inLanguage":"de","@id":"https:\/\/ips-energy.com\/de\/referenzen\/erfolgsgeschichten\/modernisierung-der-netzinvestitionen-die-digitale-transformation-von-distributieoltenia\/#primaryimage","url":"https:\/\/ips-energy.com\/de\/wp-content\/uploads\/sites\/3\/2025\/09\/strommasten-hochspannungsleitungen-distributie-oltenia-logo-sky.png","contentUrl":"https:\/\/ips-energy.com\/de\/wp-content\/uploads\/sites\/3\/2025\/09\/strommasten-hochspannungsleitungen-distributie-oltenia-logo-sky.png","width":1920,"height":1080,"caption":"Mehrere Strommasten und Hochspannungsleitungen sind vor einem blauen Himmel abgebildet, im Vordergrund befindet sich das Logo und der Schriftzug von Distribu\u021bie Oltenia."},{"@type":"BreadcrumbList","@id":"https:\/\/ips-energy.com\/de\/referenzen\/erfolgsgeschichten\/modernisierung-der-netzinvestitionen-die-digitale-transformation-von-distributieoltenia\/#breadcrumb","itemListElement":[{"@type":"ListItem","position":1,"name":"Home","item":"https:\/\/ips-energy.com\/de\/"},{"@type":"ListItem","position":2,"name":"Referenzen","item":"https:\/\/ips-energy.com\/de\/referenzen\/"},{"@type":"ListItem","position":3,"name":"Erfolgsgeschichten","item":"https:\/\/ips-energy.com\/de\/referenzen\/erfolgsgeschichten\/"},{"@type":"ListItem","position":4,"name":"Modernisierung der Netzinvestitionen: Die digitale Transformation von Distributie Oltenia"}]},{"@type":"WebSite","@id":"https:\/\/ips-energy.com\/de\/#website","url":"https:\/\/ips-energy.com\/de\/","name":"IPS ENERGY","description":"","publisher":{"@id":"https:\/\/ips-energy.com\/de\/#organization"},"alternateName":"IPS","potentialAction":[{"@type":"SearchAction","target":{"@type":"EntryPoint","urlTemplate":"https:\/\/ips-energy.com\/de\/?s={search_term_string}"},"query-input":{"@type":"PropertyValueSpecification","valueRequired":true,"valueName":"search_term_string"}}],"inLanguage":"de"},{"@type":"Organization","@id":"https:\/\/ips-energy.com\/de\/#organization","name":"IPS ENERGY","alternateName":"IPS","url":"https:\/\/ips-energy.com\/de\/","logo":{"@type":"ImageObject","inLanguage":"de","@id":"https:\/\/ips-energy.com\/de\/#\/schema\/logo\/image\/","url":"https:\/\/ips-energy.com\/de\/wp-content\/uploads\/sites\/3\/2025\/07\/.webp","contentUrl":"https:\/\/ips-energy.com\/de\/wp-content\/uploads\/sites\/3\/2025\/07\/.webp","width":260,"height":91,"caption":"IPS ENERGY"},"image":{"@id":"https:\/\/ips-energy.com\/de\/#\/schema\/logo\/image\/"},"sameAs":["https:\/\/www.linkedin.com\/company\/ips-intelligent-process-solutions-gmbh\/","https:\/\/www.youtube.com\/channel\/UC-T9bYSXn2qmY3pe2sgGSyQ"],"description":"PS ist ein in Deutschland ans\u00e4ssiges Unternehmen und ein f\u00fchrender Anbieter von Softwarel\u00f6sungen und Dienstleistungen f\u00fcr die globale Energieversorgungsbranche. Unsere Niederlassungen befinden sich in acht L\u00e4ndern weltweit. Ein engagiertes Team von fast 100 Mitarbeitern entwickelt und liefert innovative L\u00f6sungen f\u00fcr unsere Kunden.","email":"info@ips-energy.com","telephone":"+49 89 416148850","legalName":"IPS Intelligent Process Solutions GmbH","foundingDate":"2004-10-06","vatID":"143 151 01183","taxID":"DE814145945","numberOfEmployees":{"@type":"QuantitativeValue","minValue":"51","maxValue":"200"},"ownershipFundingInfo":"https:\/\/ips-energy.com\/de\/impressum\/","actionableFeedbackPolicy":"https:\/\/ips-energy.com\/de\/privatsphare\/","correctionsPolicy":"https:\/\/ips-energy.com\/de\/privatsphare\/","ethicsPolicy":"https:\/\/ips-energy.com\/de\/coc-and-csr\/","diversityPolicy":"https:\/\/ips-energy.com\/de\/coc-and-csr\/"}]}},"_links":{"self":[{"href":"https:\/\/ips-energy.com\/de\/wp-json\/wp\/v2\/pages\/2553","targetHints":{"allow":["GET"]}}],"collection":[{"href":"https:\/\/ips-energy.com\/de\/wp-json\/wp\/v2\/pages"}],"about":[{"href":"https:\/\/ips-energy.com\/de\/wp-json\/wp\/v2\/types\/page"}],"author":[{"embeddable":true,"href":"https:\/\/ips-energy.com\/de\/wp-json\/wp\/v2\/users\/1"}],"replies":[{"embeddable":true,"href":"https:\/\/ips-energy.com\/de\/wp-json\/wp\/v2\/comments?post=2553"}],"version-history":[{"count":8,"href":"https:\/\/ips-energy.com\/de\/wp-json\/wp\/v2\/pages\/2553\/revisions"}],"predecessor-version":[{"id":2798,"href":"https:\/\/ips-energy.com\/de\/wp-json\/wp\/v2\/pages\/2553\/revisions\/2798"}],"up":[{"embeddable":true,"href":"https:\/\/ips-energy.com\/de\/wp-json\/wp\/v2\/pages\/48"}],"wp:featuredmedia":[{"embeddable":true,"href":"https:\/\/ips-energy.com\/de\/wp-json\/wp\/v2\/media\/2554"}],"wp:attachment":[{"href":"https:\/\/ips-energy.com\/de\/wp-json\/wp\/v2\/media?parent=2553"}],"curies":[{"name":"wp","href":"https:\/\/api.w.org\/{rel}","templated":true}]}}