{"id":11,"date":"2024-08-26T11:36:40","date_gmt":"2024-08-26T11:36:40","guid":{"rendered":"https:\/\/ips-energy.com\/?page_id=11"},"modified":"2025-05-21T10:53:15","modified_gmt":"2025-05-21T10:53:15","slug":"uber-uns","status":"publish","type":"page","link":"https:\/\/ips-energy.com\/de\/uber-uns\/","title":{"rendered":"\u00dcber Uns"},"content":{"rendered":"","protected":false},"excerpt":{"rendered":"","protected":false},"author":1,"featured_media":0,"parent":0,"menu_order":0,"comment_status":"closed","ping_status":"closed","template":"about-template.php","meta":{"_acf_changed":false,"content-type":"","footnotes":""},"class_list":["post-11","page","type-page","status-publish","hentry"],"acf":[],"yoast_head":"<!-- This site is optimized with the Yoast SEO Premium plugin v26.1 (Yoast SEO v26.1) - https:\/\/yoast.com\/wordpress\/plugins\/seo\/ -->\n<title>\u00dcber Uns - IPS ENERGY<\/title>\n<meta name=\"description\" content=\"Wir haben es uns zur Aufgabe gemacht, Software-Intelligenz f\u00fcr ein besseres Morgen zu entwickeln und die digitale Zukunft der globalen Energieversorgung zu gestalten.\" \/>\n<meta name=\"robots\" content=\"index, follow, max-snippet:-1, max-image-preview:large, max-video-preview:-1\" \/>\n<link rel=\"canonical\" href=\"https:\/\/ips-energy.com\/de\/uber-uns\/\" \/>\n<meta property=\"og:locale\" content=\"de_DE\" \/>\n<meta property=\"og:type\" content=\"article\" \/>\n<meta property=\"og:title\" content=\"\u00dcber Uns\" \/>\n<meta property=\"og:description\" content=\"Wir haben es uns zur Aufgabe gemacht, Software-Intelligenz f\u00fcr ein besseres Morgen zu entwickeln und die digitale Zukunft der globalen Energieversorgung zu gestalten.\" \/>\n<meta property=\"og:url\" content=\"https:\/\/ips-energy.com\/de\/uber-uns\/\" \/>\n<meta property=\"og:site_name\" content=\"IPS ENERGY\" \/>\n<meta property=\"article:modified_time\" content=\"2025-05-21T10:53:15+00:00\" \/>\n<meta name=\"twitter:card\" content=\"summary_large_image\" \/>\n<script type=\"application\/ld+json\" class=\"yoast-schema-graph\">{\"@context\":\"https:\/\/schema.org\",\"@graph\":[{\"@type\":\"WebPage\",\"@id\":\"https:\/\/ips-energy.com\/de\/uber-uns\/\",\"url\":\"https:\/\/ips-energy.com\/de\/uber-uns\/\",\"name\":\"\u00dcber Uns - IPS ENERGY\",\"isPartOf\":{\"@id\":\"https:\/\/ips-energy.com\/de\/#website\"},\"datePublished\":\"2024-08-26T11:36:40+00:00\",\"dateModified\":\"2025-05-21T10:53:15+00:00\",\"description\":\"Wir haben es uns zur Aufgabe gemacht, Software-Intelligenz f\u00fcr ein besseres Morgen zu entwickeln und die digitale Zukunft der globalen Energieversorgung zu gestalten.\",\"breadcrumb\":{\"@id\":\"https:\/\/ips-energy.com\/de\/uber-uns\/#breadcrumb\"},\"inLanguage\":\"de\",\"potentialAction\":[{\"@type\":\"ReadAction\",\"target\":[\"https:\/\/ips-energy.com\/de\/uber-uns\/\"]}]},{\"@type\":\"BreadcrumbList\",\"@id\":\"https:\/\/ips-energy.com\/de\/uber-uns\/#breadcrumb\",\"itemListElement\":[{\"@type\":\"ListItem\",\"position\":1,\"name\":\"Home\",\"item\":\"https:\/\/ips-energy.com\/de\/\"},{\"@type\":\"ListItem\",\"position\":2,\"name\":\"\u00dcber Uns\"}]},{\"@type\":\"WebSite\",\"@id\":\"https:\/\/ips-energy.com\/de\/#website\",\"url\":\"https:\/\/ips-energy.com\/de\/\",\"name\":\"IPS ENERGY\",\"description\":\"\",\"publisher\":{\"@id\":\"https:\/\/ips-energy.com\/de\/#organization\"},\"alternateName\":\"IPS\",\"potentialAction\":[{\"@type\":\"SearchAction\",\"target\":{\"@type\":\"EntryPoint\",\"urlTemplate\":\"https:\/\/ips-energy.com\/de\/?s={search_term_string}\"},\"query-input\":{\"@type\":\"PropertyValueSpecification\",\"valueRequired\":true,\"valueName\":\"search_term_string\"}}],\"inLanguage\":\"de\"},{\"@type\":\"Organization\",\"@id\":\"https:\/\/ips-energy.com\/de\/#organization\",\"name\":\"IPS ENERGY\",\"alternateName\":\"IPS\",\"url\":\"https:\/\/ips-energy.com\/de\/\",\"logo\":{\"@type\":\"ImageObject\",\"inLanguage\":\"de\",\"@id\":\"https:\/\/ips-energy.com\/de\/#\/schema\/logo\/image\/\",\"url\":\"https:\/\/ips-energy.com\/de\/wp-content\/uploads\/sites\/3\/2025\/07\/.webp\",\"contentUrl\":\"https:\/\/ips-energy.com\/de\/wp-content\/uploads\/sites\/3\/2025\/07\/.webp\",\"width\":260,\"height\":91,\"caption\":\"IPS ENERGY\"},\"image\":{\"@id\":\"https:\/\/ips-energy.com\/de\/#\/schema\/logo\/image\/\"},\"sameAs\":[\"https:\/\/www.linkedin.com\/company\/ips-intelligent-process-solutions-gmbh\/\",\"https:\/\/www.youtube.com\/channel\/UC-T9bYSXn2qmY3pe2sgGSyQ\"],\"description\":\"PS ist ein in Deutschland ans\u00e4ssiges Unternehmen und ein f\u00fchrender Anbieter von Softwarel\u00f6sungen und Dienstleistungen f\u00fcr die globale Energieversorgungsbranche. Unsere Niederlassungen befinden sich in acht L\u00e4ndern weltweit. Ein engagiertes Team von fast 100 Mitarbeitern entwickelt und liefert innovative L\u00f6sungen f\u00fcr unsere Kunden.\",\"email\":\"info@ips-energy.com\",\"telephone\":\"+49 89 416148850\",\"legalName\":\"IPS Intelligent Process Solutions GmbH\",\"foundingDate\":\"2004-10-06\",\"vatID\":\"143 151 01183\",\"taxID\":\"DE814145945\",\"numberOfEmployees\":{\"@type\":\"QuantitativeValue\",\"minValue\":\"51\",\"maxValue\":\"200\"},\"ownershipFundingInfo\":\"https:\/\/ips-energy.com\/de\/impressum\/\",\"actionableFeedbackPolicy\":\"https:\/\/ips-energy.com\/de\/privatsphare\/\",\"correctionsPolicy\":\"https:\/\/ips-energy.com\/de\/privatsphare\/\",\"ethicsPolicy\":\"https:\/\/ips-energy.com\/de\/coc-and-csr\/\",\"diversityPolicy\":\"https:\/\/ips-energy.com\/de\/coc-and-csr\/\"}]}<\/script>\n<!-- \/ Yoast SEO Premium plugin. -->","yoast_head_json":{"title":"\u00dcber Uns - IPS ENERGY","description":"Wir haben es uns zur Aufgabe gemacht, Software-Intelligenz f\u00fcr ein besseres Morgen zu entwickeln und die digitale Zukunft der globalen Energieversorgung zu gestalten.","robots":{"index":"index","follow":"follow","max-snippet":"max-snippet:-1","max-image-preview":"max-image-preview:large","max-video-preview":"max-video-preview:-1"},"canonical":"https:\/\/ips-energy.com\/de\/uber-uns\/","og_locale":"de_DE","og_type":"article","og_title":"\u00dcber Uns","og_description":"Wir haben es uns zur Aufgabe gemacht, Software-Intelligenz f\u00fcr ein besseres Morgen zu entwickeln und die digitale Zukunft der globalen Energieversorgung zu gestalten.","og_url":"https:\/\/ips-energy.com\/de\/uber-uns\/","og_site_name":"IPS ENERGY","article_modified_time":"2025-05-21T10:53:15+00:00","twitter_card":"summary_large_image","schema":{"@context":"https:\/\/schema.org","@graph":[{"@type":"WebPage","@id":"https:\/\/ips-energy.com\/de\/uber-uns\/","url":"https:\/\/ips-energy.com\/de\/uber-uns\/","name":"\u00dcber Uns - IPS ENERGY","isPartOf":{"@id":"https:\/\/ips-energy.com\/de\/#website"},"datePublished":"2024-08-26T11:36:40+00:00","dateModified":"2025-05-21T10:53:15+00:00","description":"Wir haben es uns zur Aufgabe gemacht, Software-Intelligenz f\u00fcr ein besseres Morgen zu entwickeln und die digitale Zukunft der globalen Energieversorgung zu gestalten.","breadcrumb":{"@id":"https:\/\/ips-energy.com\/de\/uber-uns\/#breadcrumb"},"inLanguage":"de","potentialAction":[{"@type":"ReadAction","target":["https:\/\/ips-energy.com\/de\/uber-uns\/"]}]},{"@type":"BreadcrumbList","@id":"https:\/\/ips-energy.com\/de\/uber-uns\/#breadcrumb","itemListElement":[{"@type":"ListItem","position":1,"name":"Home","item":"https:\/\/ips-energy.com\/de\/"},{"@type":"ListItem","position":2,"name":"\u00dcber Uns"}]},{"@type":"WebSite","@id":"https:\/\/ips-energy.com\/de\/#website","url":"https:\/\/ips-energy.com\/de\/","name":"IPS ENERGY","description":"","publisher":{"@id":"https:\/\/ips-energy.com\/de\/#organization"},"alternateName":"IPS","potentialAction":[{"@type":"SearchAction","target":{"@type":"EntryPoint","urlTemplate":"https:\/\/ips-energy.com\/de\/?s={search_term_string}"},"query-input":{"@type":"PropertyValueSpecification","valueRequired":true,"valueName":"search_term_string"}}],"inLanguage":"de"},{"@type":"Organization","@id":"https:\/\/ips-energy.com\/de\/#organization","name":"IPS ENERGY","alternateName":"IPS","url":"https:\/\/ips-energy.com\/de\/","logo":{"@type":"ImageObject","inLanguage":"de","@id":"https:\/\/ips-energy.com\/de\/#\/schema\/logo\/image\/","url":"https:\/\/ips-energy.com\/de\/wp-content\/uploads\/sites\/3\/2025\/07\/.webp","contentUrl":"https:\/\/ips-energy.com\/de\/wp-content\/uploads\/sites\/3\/2025\/07\/.webp","width":260,"height":91,"caption":"IPS ENERGY"},"image":{"@id":"https:\/\/ips-energy.com\/de\/#\/schema\/logo\/image\/"},"sameAs":["https:\/\/www.linkedin.com\/company\/ips-intelligent-process-solutions-gmbh\/","https:\/\/www.youtube.com\/channel\/UC-T9bYSXn2qmY3pe2sgGSyQ"],"description":"PS ist ein in Deutschland ans\u00e4ssiges Unternehmen und ein f\u00fchrender Anbieter von Softwarel\u00f6sungen und Dienstleistungen f\u00fcr die globale Energieversorgungsbranche. Unsere Niederlassungen befinden sich in acht L\u00e4ndern weltweit. Ein engagiertes Team von fast 100 Mitarbeitern entwickelt und liefert innovative L\u00f6sungen f\u00fcr unsere Kunden.","email":"info@ips-energy.com","telephone":"+49 89 416148850","legalName":"IPS Intelligent Process Solutions GmbH","foundingDate":"2004-10-06","vatID":"143 151 01183","taxID":"DE814145945","numberOfEmployees":{"@type":"QuantitativeValue","minValue":"51","maxValue":"200"},"ownershipFundingInfo":"https:\/\/ips-energy.com\/de\/impressum\/","actionableFeedbackPolicy":"https:\/\/ips-energy.com\/de\/privatsphare\/","correctionsPolicy":"https:\/\/ips-energy.com\/de\/privatsphare\/","ethicsPolicy":"https:\/\/ips-energy.com\/de\/coc-and-csr\/","diversityPolicy":"https:\/\/ips-energy.com\/de\/coc-and-csr\/"}]}},"_links":{"self":[{"href":"https:\/\/ips-energy.com\/de\/wp-json\/wp\/v2\/pages\/11","targetHints":{"allow":["GET"]}}],"collection":[{"href":"https:\/\/ips-energy.com\/de\/wp-json\/wp\/v2\/pages"}],"about":[{"href":"https:\/\/ips-energy.com\/de\/wp-json\/wp\/v2\/types\/page"}],"author":[{"embeddable":true,"href":"https:\/\/ips-energy.com\/de\/wp-json\/wp\/v2\/users\/1"}],"replies":[{"embeddable":true,"href":"https:\/\/ips-energy.com\/de\/wp-json\/wp\/v2\/comments?post=11"}],"version-history":[{"count":8,"href":"https:\/\/ips-energy.com\/de\/wp-json\/wp\/v2\/pages\/11\/revisions"}],"predecessor-version":[{"id":2504,"href":"https:\/\/ips-energy.com\/de\/wp-json\/wp\/v2\/pages\/11\/revisions\/2504"}],"wp:attachment":[{"href":"https:\/\/ips-energy.com\/de\/wp-json\/wp\/v2\/media?parent=11"}],"curies":[{"name":"wp","href":"https:\/\/api.w.org\/{rel}","templated":true}]}}